{"id":1003,"date":"2024-11-30T15:40:56","date_gmt":"2024-11-30T15:40:56","guid":{"rendered":"https:\/\/mm-laws.de\/?page_id=1003"},"modified":"2024-12-01T10:47:36","modified_gmt":"2024-12-01T10:47:36","slug":"hakkimizda","status":"publish","type":"page","link":"https:\/\/mm-laws.de\/de\/uber-uns\/","title":{"rendered":"\u00dcber uns"},"content":{"rendered":"<div data-elementor-type=\"wp-page\" data-elementor-id=\"1003\" class=\"elementor elementor-1003\" data-elementor-post-type=\"page\">\n\t\t\t\t<div class=\"elementor-element elementor-element-0f3cd89 e-flex e-con-boxed e-con e-parent\" data-id=\"0f3cd89\" data-element_type=\"container\">\n\t\t\t\t\t<div class=\"e-con-inner\">\n\t\t\t\t<div class=\"elementor-element elementor-element-e65fd50 elementor-widget elementor-widget-wpo-canun_about\" data-id=\"e65fd50\" data-element_type=\"widget\" data-settings=\"{&quot;signeture_image&quot;:{&quot;url&quot;:&quot;http:\\\/\\\/wpocean.com\\\/wp\\\/canun\\\/wp-content\\\/uploads\\\/2021\\\/09\\\/signeture.png&quot;,&quot;id&quot;:201,&quot;size&quot;:&quot;&quot;,&quot;alt&quot;:&quot;&quot;,&quot;source&quot;:&quot;library&quot;},&quot;about_image&quot;:{&quot;url&quot;:&quot;https:\\\/\\\/mm-laws.de\\\/wp-content\\\/uploads\\\/2024\\\/11\\\/cropped-mmlaw_uluslararasi.webp&quot;,&quot;id&quot;:1284,&quot;size&quot;:&quot;&quot;,&quot;alt&quot;:&quot;&quot;,&quot;source&quot;:&quot;library&quot;}}\" data-widget_type=\"wpo-canun_about.default\">\n\t\t\t\t<div class=\"elementor-widget-container\">\n\t\t\t\n\t\t\t\t\t<div class=\"wpo-about-section\">\n\t\t\t\t<div class=\"container\">\n\t\t\t\t\t<div class=\"wpo-about-section-wrapper\">\n\t\t\t\t\t\t<div class=\"row align-items-center\">\n\t\t\t\t\t\t\t<div class=\"col-lg-5 col-md-12 col-12\">\n\t\t\t\t\t\t\t\t<div class=\"wpo-about-img\">\n\t\t\t\t\t\t\t\t\t<img decoding=\"async\" class=\"img-responlsive\" src=\"https:\/\/mm-laws.de\/wp-content\/uploads\/2024\/11\/cropped-mmlaw_uluslararasi.webp\" alt=\"\">\t\t\t\t\t\t\t\t<\/div>\n\t\t\t\t\t\t\t<\/div>\n\t\t\t\t\t\t\t<div class=\"col-lg-7 col-md-12 col-12\">\n\t\t\t\t\t\t\t\t<div class=\"wpo-about-content\">\n\t\t\t\t\t\t\t\t\t<div class=\"wpo-section-title\">\n\t\t\t\t\t\t\t\t\t\t<h2>M&amp;M Law Office ist eine Rechts- und Beratungsfirma, die eine juristische Br\u00fccke zwischen Deutschland und der T\u00fcrkei schl\u00e4gt.<\/h2>\t\t\t\t\t\t\t\t\t<\/div>\n\t\t\t\t\t\t\t\t\t<div class=\"wpo-about-content-inner\">\n\t\t\t\t\t\t\t\t\t\t<p class=\"p1\">M&amp;M Law Office ist eine Rechts- und Beratungsfirma, die eine juristische Br\u00fccke zwischen Deutschland und der T\u00fcrkei schl\u00e4gt. Unser internationales Expertenteam bietet Dienstleistungen mit tiefem Verst\u00e4ndnis f\u00fcr die Rechtssysteme beider L\u00e4nder an. Insbesondere bieten wir effektive L\u00f6sungen f\u00fcr eine breite Mandantschaft, darunter vor allem in Deutschland lebende t\u00fcrkische Staatsb\u00fcrger und Unternehmen, und unterst\u00fctzen sie dabei, die bestm\u00f6glichen Ergebnisse in ihren rechtlichen Prozessen zu erzielen.<\/p><p class=\"p1\"><b>Starkes und Erfahrenes Juristenteam<\/b><b><\/b><\/p><p class=\"p1\">Unsere Kanzlei besch\u00e4ftigt nicht nur Absolventen der Rechtswissenschaften, sondern auch Anw\u00e4lte mit Mediations- und Schlichterzertifikaten. Unser Expertenteam besteht aus Fachleuten, die ihre Masterabschl\u00fcsse abgeschlossen und in ihren Fachgebieten Abschlussarbeiten und Artikel verfasst haben. Unsere Juristen verf\u00fcgen \u00fcber tiefgehendes Wissen in Bereichen wie Migrations- und Fl\u00fcchtlingsrecht, Menschenrechtsrecht, Energierecht und Baurecht. Mit dieser umfassenden Expertise bieten wir unseren Mandanten ein breites Spektrum an Dienstleistungen und vertreten sie in jeder Phase ihrer Angelegenheiten mit h\u00f6chster Zuverl\u00e4ssigkeit. Unser Team, das in der T\u00fcrkei viele erfolgreiche rechtliche Angelegenheiten abgewickelt hat, zeichnet sich durch Erfahrung und Kompetenz aus.<\/p>\t\t\t\t\t\t\t\t\t\t<div class=\"signeture\">\n\t\t\t\t\t\t\t\t\t\t\t\t\t\t\t\t\t\t\t\t\t\t<span>\n\t\t\t\t\t\t\t\t\t\t\t\t\t\t\t\t\t\t\t\t\t\t\t<\/span>\n\t\t\t\t\t\t\t\t\t\t<\/div>\n\t\t\t\t\t\t\t\t\t<\/div>\n\t\t\t\t\t\t\t\t<\/div>\n\t\t\t\t\t\t\t<\/div>\n\t\t\t\t\t\t<\/div>\n\t\t\t\t\t<\/div>\n\t\t\t\t<\/div>\n\t\t\t<\/div>\n\t\t<\/div>\n\t\t\t\t<\/div>\n\t\t\t\t\t<\/div>\n\t\t\t\t<\/div>\n\t\t<div class=\"elementor-element elementor-element-8fd29f5 e-flex e-con-boxed e-con e-parent\" data-id=\"8fd29f5\" data-element_type=\"container\">\n\t\t\t\t\t<div class=\"e-con-inner\">\n\t\t\t\t<div class=\"elementor-element elementor-element-b696f0a elementor-widget elementor-widget-wpo-canun_accordion\" data-id=\"b696f0a\" data-element_type=\"widget\" data-widget_type=\"wpo-canun_accordion.default\">\n\t\t\t\t<div class=\"elementor-widget-container\">\n\t\t\t\t\t<div class=\"theme-accordion\">\n\t\t\t<div class=\"accordion\" id=\"accordionExample\">\n\t\t\t\t\t\t\t\t\t\t<div class=\"accordion-item\">\n\t\t\t\t\t\t\t<h3 class=\"accordion-header\" id=\"heading2\">\n\t            <button class=\"accordion-button\" type=\"button\" data-bs-toggle=\"collapse\" data-bs-target=\"#collapse2\" aria-expanded=\"true\" aria-controls=\"collapse2\">\n\t              Erfolgreiche Vergangenheit und Erfahrung\n\t            <\/button>\n\t        \t<\/h3>\t\t\t\t\t\t\t\t<div id=\"collapse2\" class=\"accordion-collapse collapse show\" aria-labelledby=\"heading2\" data-bs-parent=\"#accordionExample\">\n\t\t\t\t\t\t\t\t\t<div class=\"accordion-body\">\n\t\t\t\t\t\t\t\t\t\tM&amp;M Law Office, insbesondere in der T\u00fcrkei in zahlreichen verschiedenen Bereichen erfolgreich t\u00e4tig, bietet seinen Mandanten nicht nur juristische Beratung, sondern auch ergebnisorientierte L\u00f6sungen an. Mit der Erfahrung aus vielen Jahren l\u00f6st unser Team rechtliche Probleme schnell und effektiv und setzt sich daf\u00fcr ein, die Rechte unserer Mandanten bestm\u00f6glich zu verteidigen.\t\t\t\t\t\t\t\t\t<\/div>\n\t\t\t\t\t\t\t\t<\/div>\n\t\t\t\t\t\t\t\t\t\t\t\t\t<\/div>\n\t\t\t\t\t\t\t\t\t\t<div class=\"accordion-item\">\n\t\t\t\t\t\t\t<h3 class=\"accordion-header\" id=\"heading3\">\n\t            <button class=\"accordion-button\" type=\"button\" data-bs-toggle=\"collapse\" data-bs-target=\"#collapse3\" aria-expanded=\"true\" aria-controls=\"collapse3\">\n\t              Unsere Mission und Vision\n\t            <\/button>\n\t        \t<\/h3>\t\t\t\t\t\t\t\t<div id=\"collapse3\" class=\"accordion-collapse collapse\" aria-labelledby=\"heading3\" data-bs-parent=\"#accordionExample\">\n\t\t\t\t\t\t\t\t\t<div class=\"accordion-body\">\n\t\t\t\t\t\t\t\t\t\t<p>Unsere Mission bei M&amp;M Law Office ist es, unseren Mandanten in Deutschland und der T\u00fcrkei dabei zu helfen, rechtliche Herausforderungen sicher zu meistern. Mit unserem Expertenteam agieren wir mit fundiertem Wissen und umfangreicher Erfahrung in den rechtlichen Prozessen beider L\u00e4nder. Unsere Mission ist es, unseren Mandanten die schnellsten, effektivsten und zuverl\u00e4ssigsten L\u00f6sungen anzubieten.<\/p>\t\t\t\t\t\t\t\t\t<\/div>\n\t\t\t\t\t\t\t\t<\/div>\n\t\t\t\t\t\t\t\t\t\t\t\t\t<\/div>\n\t\t\t\t\t\t\t\t\t\t<div class=\"accordion-item\">\n\t\t\t\t\t\t\t<h3 class=\"accordion-header\" id=\"heading4\">\n\t            <button class=\"accordion-button\" type=\"button\" data-bs-toggle=\"collapse\" data-bs-target=\"#collapse4\" aria-expanded=\"true\" aria-controls=\"collapse4\">\n\t              Unsere Werte\n\t            <\/button>\n\t        \t<\/h3>\t\t\t\t\t\t\t\t<div id=\"collapse4\" class=\"accordion-collapse collapse\" aria-labelledby=\"heading4\" data-bs-parent=\"#accordionExample\">\n\t\t\t\t\t\t\t\t\t<div class=\"accordion-body\">\n\t\t\t\t\t\t\t\t\t\t<p class=\" translation-block\"><strong>\u2022 Fachkompetenz und Erfahrung:<\/strong> Mit unseren auf ihren Fachgebieten spezialisierten Anw\u00e4lten streben wir danach, unseren Mandanten den bestm\u00f6glichen Service zu bieten.<\/p><p class=\" translation-block\"><strong>\u2022 Vertrauen und Transparenz:<\/strong> Wir gew\u00e4hrleisten eine vertrauensvolle Zusammenarbeit, indem wir unsere Mandanten in jeder Phase der rechtlichen Prozesse transparent informieren.<\/p><p class=\" translation-block\"><strong>\u2022 Internationale Kompetenz:<\/strong> Mit unserer Expertise in den Rechtssystemen Deutschlands und der T\u00fcrkei konzentrieren wir uns darauf, in internationalen rechtlichen Angelegenheiten die besten Ergebnisse zu erzielen.<\/p><p class=\" translation-block\"><strong>\u2022 Ergebnisorientierte L\u00f6sungen:<\/strong> Wir bieten schnelle und effektive L\u00f6sungen f\u00fcr die rechtlichen Herausforderungen unserer Mandanten.<\/p>\t\t\t\t\t\t\t\t\t<\/div>\n\t\t\t\t\t\t\t\t<\/div>\n\t\t\t\t\t\t\t\t\t\t\t\t\t<\/div>\n\t\t\t\t\t\t\t<\/div>\n\t\t<\/div>\n\t\t<\/div>\n\t\t\t\t<\/div>\n\t\t\t\t\t<\/div>\n\t\t\t\t<\/div>\n\t\t\t\t<\/div>","protected":false},"excerpt":{"rendered":"M&amp;M Law Office, Almanya ve T\u00fcrkiye aras\u0131nda hukuki k\u00f6pr\u00fc kuran bir hukuk ve dan\u0131\u015fmanl\u0131k firmas\u0131d\u0131r. Uluslararas\u0131 tecr\u00fcbeye sahip uzman kadromuz, iki \u00fclkenin hukuki sistemlerine derin bir hakimiyetle, Almanya ve T\u00fcrkiye aras\u0131nda hukuki k\u00f6pr\u00fc kuran bir hukuk ve dan\u0131\u015fmanl\u0131k firmas\u0131d\u0131r. Uluslararas\u0131 tecr\u00fcbeye sahip uzman kadromuz, iki \u00fclkenin hukuki sistemlerine derin bir hakimiyetle hizmet sunmaktad\u0131r. \u00d6zellikle Almanya\u2019da","protected":false},"author":1,"featured_media":0,"parent":0,"menu_order":0,"comment_status":"closed","ping_status":"closed","template":"","meta":{"footnotes":""},"class_list":["post-1003","page","type-page","status-publish","hentry"],"_links":{"self":[{"href":"https:\/\/mm-laws.de\/de\/wp-json\/wp\/v2\/pages\/1003"}],"collection":[{"href":"https:\/\/mm-laws.de\/de\/wp-json\/wp\/v2\/pages"}],"about":[{"href":"https:\/\/mm-laws.de\/de\/wp-json\/wp\/v2\/types\/page"}],"author":[{"embeddable":true,"href":"https:\/\/mm-laws.de\/de\/wp-json\/wp\/v2\/users\/1"}],"replies":[{"embeddable":true,"href":"https:\/\/mm-laws.de\/de\/wp-json\/wp\/v2\/comments?post=1003"}],"version-history":[{"count":4,"href":"https:\/\/mm-laws.de\/de\/wp-json\/wp\/v2\/pages\/1003\/revisions"}],"predecessor-version":[{"id":2594,"href":"https:\/\/mm-laws.de\/de\/wp-json\/wp\/v2\/pages\/1003\/revisions\/2594"}],"wp:attachment":[{"href":"https:\/\/mm-laws.de\/de\/wp-json\/wp\/v2\/media?parent=1003"}],"curies":[{"name":"wp","href":"https:\/\/api.w.org\/{rel}","templated":true}]}}