{"id":1005,"date":"2024-11-30T15:41:40","date_gmt":"2024-11-30T15:41:40","guid":{"rendered":"https:\/\/mm-laws.de\/?page_id=1005"},"modified":"2024-12-01T10:45:58","modified_gmt":"2024-12-01T10:45:58","slug":"hizmetler","status":"publish","type":"page","link":"https:\/\/mm-laws.de\/de\/unsere-dienstleistungen\/","title":{"rendered":"Unsere Dienstleistungen"},"content":{"rendered":"<div data-elementor-type=\"wp-page\" data-elementor-id=\"1005\" class=\"elementor elementor-1005\" data-elementor-post-type=\"page\">\n\t\t\t\t<div class=\"elementor-element elementor-element-b087506 e-con-full e-flex e-con e-parent\" data-id=\"b087506\" data-element_type=\"container\">\n\t\t\t\t<div class=\"elementor-element elementor-element-8eeac4e elementor-widget elementor-widget-wpo-canun_title\" data-id=\"8eeac4e\" data-element_type=\"widget\" data-widget_type=\"wpo-canun_title.default\">\n\t\t\t\t<div class=\"elementor-widget-container\">\n\t\t\t\t\t<div class=\"wpo-section-area\">\n\t\t\t<div class=\"container\">\n\t\t\t\t<div class=\"row align-items-center\">\n\t\t\t\t\t<div class=\"col-lg-5\">\n\t\t\t\t\t\t<div class=\"wpo-section-title\">\n\t\t\t\t\t\t\t<h2>Wir stehen Ihnen in rechtlichen Prozessen zur Seite<\/h2>\t\t\t\t\t\t<\/div>\n\t\t\t\t\t<\/div>\n\t\t\t\t\t<div class=\"col-lg-5 offset-lg-2\">\n\t\t\t\t\t\t<div class=\"wpo-section-title\">\n\t\t\t\t\t\t\t<p>Unsere Kanzlei bietet umfassende juristische Dienstleistungen f\u00fcr Einzelpersonen und Unternehmen, die in Deutschland und der T\u00fcrkei leben, Handel treiben oder Investitionen planen. Unsere Fachgebiete decken ein breites Spektrum ab, um unseren Mandanten in den unterschiedlichen Rechtssystemen beider L\u00e4nder die bestm\u00f6gliche Unterst\u00fctzung zu bieten.<\/p>\t\t\t\t\t\t<\/div>\n\t\t\t\t\t<\/div>\n\t\t\t\t<\/div>\n\t\t\t<\/div>\n\t\t<\/div>\n\t\t<\/div>\n\t\t\t\t<\/div>\n\t\t\t\t<\/div>\n\t\t<div class=\"elementor-element elementor-element-a435935 e-con-full e-flex e-con e-parent\" data-id=\"a435935\" data-element_type=\"container\">\n\t\t\t\t<div class=\"elementor-element elementor-element-5d696f4 elementor-widget__width-inherit elementor-widget elementor-widget-wpo-canun_service\" data-id=\"5d696f4\" data-element_type=\"widget\" data-widget_type=\"wpo-canun_service.default\">\n\t\t\t\t<div class=\"elementor-widget-container\">\n\t\t\t\n\t\t\t<div class=\"wpo-service-section\">\n\t\t\t\t<div class=\"container\">\n\t\t\t\t\t<div class=\"row align-items-center\">\n\t\t\t\t\t\t\t\t\t\t\t\t\t<div class=\"col col-lg-4 col-12 service-thumbs\">\n\t\t\t\t\t\t\t\t<div class=\"service-thumbs-outer\">\n\t\t\t\t\t\t\t\t\t\t\t\t\t\t\t\t\t\t\t<div class=\"service-thumb active-thumb\" data-case=\"#service-1\">\n\t\t\t\t\t\t\t\t\t\t\t<p>Internationales Handelsrecht<\/p>\n\t\t\t\t\t\t\t\t\t\t\t<span class=\"number\">01<\/span>\n\t\t\t\t\t\t\t\t\t\t<\/div>\n\t\t\t\t\t\t\t\t\t\t\t\t\t\t\t\t\t\t\t<div class=\"service-thumb dont-active-thumb\" data-case=\"#service-2\">\n\t\t\t\t\t\t\t\t\t\t\t<p>Investitions- und Gesellschaftsrecht<\/p>\n\t\t\t\t\t\t\t\t\t\t\t<span class=\"number\">02<\/span>\n\t\t\t\t\t\t\t\t\t\t<\/div>\n\t\t\t\t\t\t\t\t\t\t\t\t\t\t\t\t\t\t\t<div class=\"service-thumb dont-active-thumb\" data-case=\"#service-3\">\n\t\t\t\t\t\t\t\t\t\t\t<p>Immobilien- und Baurecht<\/p>\n\t\t\t\t\t\t\t\t\t\t\t<span class=\"number\">03<\/span>\n\t\t\t\t\t\t\t\t\t\t<\/div>\n\t\t\t\t\t\t\t\t\t\t\t\t\t\t\t\t\t\t\t<div class=\"service-thumb dont-active-thumb\" data-case=\"#service-4\">\n\t\t\t\t\t\t\t\t\t\t\t<p>Familienrecht<\/p>\n\t\t\t\t\t\t\t\t\t\t\t<span class=\"number\">04<\/span>\n\t\t\t\t\t\t\t\t\t\t<\/div>\n\t\t\t\t\t\t\t\t\t\t\t\t\t\t\t\t\t\t\t<div class=\"service-thumb dont-active-thumb\" data-case=\"#service-5\">\n\t\t\t\t\t\t\t\t\t\t\t<p>Migrations- und Asylrecht<\/p>\n\t\t\t\t\t\t\t\t\t\t\t<span class=\"number\">05<\/span>\n\t\t\t\t\t\t\t\t\t\t<\/div>\n\t\t\t\t\t\t\t\t\t\t\t\t\t\t\t\t\t\t\t<div class=\"service-thumb dont-active-thumb\" data-case=\"#service-6\">\n\t\t\t\t\t\t\t\t\t\t\t<p>Menschenrechtsrecht<\/p>\n\t\t\t\t\t\t\t\t\t\t\t<span class=\"number\">06<\/span>\n\t\t\t\t\t\t\t\t\t\t<\/div>\n\t\t\t\t\t\t\t\t\t\t\t\t\t\t\t\t\t\t\t<div class=\"service-thumb dont-active-thumb\" data-case=\"#service-7\">\n\t\t\t\t\t\t\t\t\t\t\t<p>Energierecht<\/p>\n\t\t\t\t\t\t\t\t\t\t\t<span class=\"number\">07<\/span>\n\t\t\t\t\t\t\t\t\t\t<\/div>\n\t\t\t\t\t\t\t\t\t\t\t\t\t\t\t\t\t<\/div>\n\t\t\t\t\t\t\t<\/div>\n\t\t\t\t\t\t\t\t\t\t\t\t\t<div class=\"col col-lg-8 col-12 service-content\">\n\t\t\t\t\t\t\t\t<div class=\"service-content-outer\">\n\t\t\t\t\t\t\t\t\t\t\t\t\t\t\t\t\t\t\t<div class=\"service-data active-service-data\" id=\"service-1\">\n\t\t\t\t\t\t\t\t\t\t\t<div class=\"service-data-img\">\n\t\t\t\t\t\t\t\t\t\t\t\t<img decoding=\"async\" src=\"https:\/\/mm-laws.de\/wp-content\/uploads\/2024\/11\/mmlaw_uluslararasi.webp\" alt=\"\">\t\t\t\t\t\t\t\t\t\t\t\t<div class=\"service-data-text\">\n\t\t\t\t\t\t\t\t\t\t\t\t\t<h3>\n\t\t\t\t\t\t\t\t\t\t\t\t\t\t<a href=\"https:\/\/mm-laws.de\/de\/service\/uluslararasi-ticaret-hukuku\/\">\n\t\t\t\t\t\t\t\t\t\t\t\t\t\t\tInternationales Handelsrecht\t\t\t\t\t\t\t\t\t\t\t\t\t\t<\/a>\n\t\t\t\t\t\t\t\t\t\t\t\t\t<\/h3>\n\t\t\t\t\t\t\t\t\t\t\t\t\t<p>F\u00fcr Unternehmen, die zwischen der T\u00fcrkei und Deutschland Handel treiben, bieten wir umfassende rechtliche Unterst\u00fctzung, von der Erstellung von Handelsvertr\u00e4gen bis hin zur L\u00f6sung von Handelsstreitigkeiten.<\/p>\n\t\t\t\t\t\t\t\t\t\t\t\t\t<a href=\"https:\/\/mm-laws.de\/de\/service\/uluslararasi-ticaret-hukuku\/\">Fortsetzung<\/a>\t\t\t\t\t\t\t\t\t\t\t\t<\/div>\n\t\t\t\t\t\t\t\t\t\t\t<\/div>\n\t\t\t\t\t\t\t\t\t\t<\/div>\n\t\t\t\t\t\t\t\t\t\t\t\t\t\t\t\t\t\t\t<div class=\"service-data dont-active-service-data\" id=\"service-2\">\n\t\t\t\t\t\t\t\t\t\t\t<div class=\"service-data-img\">\n\t\t\t\t\t\t\t\t\t\t\t\t<img decoding=\"async\" src=\"https:\/\/mm-laws.de\/wp-content\/uploads\/2024\/11\/mmlaw_sirketler_hukuk.webp\" alt=\"\">\t\t\t\t\t\t\t\t\t\t\t\t<div class=\"service-data-text\">\n\t\t\t\t\t\t\t\t\t\t\t\t\t<h3>\n\t\t\t\t\t\t\t\t\t\t\t\t\t\t<a href=\"https:\/\/mm-laws.de\/de\/service\/yatirim-ve-sirketler-hukuku\/\">\n\t\t\t\t\t\t\t\t\t\t\t\t\t\t\tInvestitions- und Gesellschaftsrecht\t\t\t\t\t\t\t\t\t\t\t\t\t\t<\/a>\n\t\t\t\t\t\t\t\t\t\t\t\t\t<\/h3>\n\t\t\t\t\t\t\t\t\t\t\t\t\t<p>F\u00fcr Investoren, die in Deutschland oder in der T\u00fcrkei investieren m\u00f6chten, bieten wir rechtliche Beratung, einschlie\u00dflich Unterst\u00fctzung bei Unternehmensgr\u00fcndungen, Fusionen und \u00dcbernahmen.<\/p>\n\t\t\t\t\t\t\t\t\t\t\t\t\t<a href=\"https:\/\/mm-laws.de\/de\/service\/yatirim-ve-sirketler-hukuku\/\">Fortsetzung<\/a>\t\t\t\t\t\t\t\t\t\t\t\t<\/div>\n\t\t\t\t\t\t\t\t\t\t\t<\/div>\n\t\t\t\t\t\t\t\t\t\t<\/div>\n\t\t\t\t\t\t\t\t\t\t\t\t\t\t\t\t\t\t\t<div class=\"service-data dont-active-service-data\" id=\"service-3\">\n\t\t\t\t\t\t\t\t\t\t\t<div class=\"service-data-img\">\n\t\t\t\t\t\t\t\t\t\t\t\t<img decoding=\"async\" src=\"https:\/\/mm-laws.de\/wp-content\/uploads\/2024\/11\/mmlaw_gayrimenkuk.webp\" alt=\"\">\t\t\t\t\t\t\t\t\t\t\t\t<div class=\"service-data-text\">\n\t\t\t\t\t\t\t\t\t\t\t\t\t<h3>\n\t\t\t\t\t\t\t\t\t\t\t\t\t\t<a href=\"https:\/\/mm-laws.de\/de\/service\/gayrimenkul-ve-imar-hukuku\/\">\n\t\t\t\t\t\t\t\t\t\t\t\t\t\t\tImmobilien- und Baurecht\t\t\t\t\t\t\t\t\t\t\t\t\t\t<\/a>\n\t\t\t\t\t\t\t\t\t\t\t\t\t<\/h3>\n\t\t\t\t\t\t\t\t\t\t\t\t\t<p>Wir begleiten rechtliche Prozesse im Zusammenhang mit Immobilieninvestitionen in Deutschland und der T\u00fcrkei. Dazu geh\u00f6ren der Erwerb von Immobilien, Mietvertr\u00e4ge und baurechtliche Angelegenheiten.<\/p>\n\t\t\t\t\t\t\t\t\t\t\t\t\t<a href=\"https:\/\/mm-laws.de\/de\/service\/gayrimenkul-ve-imar-hukuku\/\">Fortsetzung<\/a>\t\t\t\t\t\t\t\t\t\t\t\t<\/div>\n\t\t\t\t\t\t\t\t\t\t\t<\/div>\n\t\t\t\t\t\t\t\t\t\t<\/div>\n\t\t\t\t\t\t\t\t\t\t\t\t\t\t\t\t\t\t\t<div class=\"service-data dont-active-service-data\" id=\"service-4\">\n\t\t\t\t\t\t\t\t\t\t\t<div class=\"service-data-img\">\n\t\t\t\t\t\t\t\t\t\t\t\t<img decoding=\"async\" src=\"https:\/\/mm-laws.de\/wp-content\/uploads\/2024\/11\/mmlaw_aile_hukuk.webp\" alt=\"\">\t\t\t\t\t\t\t\t\t\t\t\t<div class=\"service-data-text\">\n\t\t\t\t\t\t\t\t\t\t\t\t\t<h3>\n\t\t\t\t\t\t\t\t\t\t\t\t\t\t<a href=\"https:\/\/mm-laws.de\/de\/service\/aile-hukuku\/\">\n\t\t\t\t\t\t\t\t\t\t\t\t\t\t\tFamilienrecht\t\t\t\t\t\t\t\t\t\t\t\t\t\t<\/a>\n\t\t\t\t\t\t\t\t\t\t\t\t\t<\/h3>\n\t\t\t\t\t\t\t\t\t\t\t\t\t<p>Bei familienrechtlichen Angelegenheiten wie Scheidung, Sorgerecht, Verm\u00f6gensaufteilung und Erbschaft bieten wir unseren Mandanten Unterst\u00fctzung mit kulturellem Feingef\u00fchl<\/p>\n\t\t\t\t\t\t\t\t\t\t\t\t\t<a href=\"https:\/\/mm-laws.de\/de\/service\/aile-hukuku\/\">Fortsetzung<\/a>\t\t\t\t\t\t\t\t\t\t\t\t<\/div>\n\t\t\t\t\t\t\t\t\t\t\t<\/div>\n\t\t\t\t\t\t\t\t\t\t<\/div>\n\t\t\t\t\t\t\t\t\t\t\t\t\t\t\t\t\t\t\t<div class=\"service-data dont-active-service-data\" id=\"service-5\">\n\t\t\t\t\t\t\t\t\t\t\t<div class=\"service-data-img\">\n\t\t\t\t\t\t\t\t\t\t\t\t<img decoding=\"async\" src=\"https:\/\/mm-laws.de\/wp-content\/uploads\/2024\/11\/mmlaw_gocmen.webp\" alt=\"\">\t\t\t\t\t\t\t\t\t\t\t\t<div class=\"service-data-text\">\n\t\t\t\t\t\t\t\t\t\t\t\t\t<h3>\n\t\t\t\t\t\t\t\t\t\t\t\t\t\t<a href=\"https:\/\/mm-laws.de\/de\/service\/gocmenlik-ve-multeci-hukuku\/\">\n\t\t\t\t\t\t\t\t\t\t\t\t\t\t\tMigrations- und Asylrecht\t\t\t\t\t\t\t\t\t\t\t\t\t\t<\/a>\n\t\t\t\t\t\t\t\t\t\t\t\t\t<\/h3>\n\t\t\t\t\t\t\t\t\t\t\t\t\t<p>Wir bieten umfassende rechtliche Unterst\u00fctzung zu Migrations- und Fl\u00fcchtlingsrechten in Deutschland und der T\u00fcrkei. Dazu geh\u00f6ren Asylantr\u00e4ge, Aufenthaltsgenehmigungen und Einb\u00fcrgerungsantr\u00e4ge.<\/p>\n\t\t\t\t\t\t\t\t\t\t\t\t\t<a href=\"https:\/\/mm-laws.de\/de\/service\/gocmenlik-ve-multeci-hukuku\/\">Fortsetzung<\/a>\t\t\t\t\t\t\t\t\t\t\t\t<\/div>\n\t\t\t\t\t\t\t\t\t\t\t<\/div>\n\t\t\t\t\t\t\t\t\t\t<\/div>\n\t\t\t\t\t\t\t\t\t\t\t\t\t\t\t\t\t\t\t<div class=\"service-data dont-active-service-data\" id=\"service-6\">\n\t\t\t\t\t\t\t\t\t\t\t<div class=\"service-data-img\">\n\t\t\t\t\t\t\t\t\t\t\t\t<img decoding=\"async\" src=\"https:\/\/mm-laws.de\/wp-content\/uploads\/2024\/11\/mmlaw_insan_haklari.webp\" alt=\"\">\t\t\t\t\t\t\t\t\t\t\t\t<div class=\"service-data-text\">\n\t\t\t\t\t\t\t\t\t\t\t\t\t<h3>\n\t\t\t\t\t\t\t\t\t\t\t\t\t\t<a href=\"https:\/\/mm-laws.de\/de\/service\/insan-haklari-hukuku\/\">\n\t\t\t\t\t\t\t\t\t\t\t\t\t\t\tMenschenrechtsrecht\t\t\t\t\t\t\t\t\t\t\t\t\t\t<\/a>\n\t\t\t\t\t\t\t\t\t\t\t\t\t<\/h3>\n\t\t\t\t\t\t\t\t\t\t\t\t\t<p>Unsere Kanzlei bietet effektive rechtliche Unterst\u00fctzung f\u00fcr Einzelpersonen und Gruppen, um gegen Menschenrechtsverletzungen vorzugehen.<\/p>\n\t\t\t\t\t\t\t\t\t\t\t\t\t<a href=\"https:\/\/mm-laws.de\/de\/service\/insan-haklari-hukuku\/\">Fortsetzung<\/a>\t\t\t\t\t\t\t\t\t\t\t\t<\/div>\n\t\t\t\t\t\t\t\t\t\t\t<\/div>\n\t\t\t\t\t\t\t\t\t\t<\/div>\n\t\t\t\t\t\t\t\t\t\t\t\t\t\t\t\t\t\t\t<div class=\"service-data dont-active-service-data\" id=\"service-7\">\n\t\t\t\t\t\t\t\t\t\t\t<div class=\"service-data-img\">\n\t\t\t\t\t\t\t\t\t\t\t\t<img decoding=\"async\" src=\"https:\/\/mm-laws.de\/wp-content\/uploads\/2024\/11\/mmlaw_enerji.webp\" alt=\"\">\t\t\t\t\t\t\t\t\t\t\t\t<div class=\"service-data-text\">\n\t\t\t\t\t\t\t\t\t\t\t\t\t<h3>\n\t\t\t\t\t\t\t\t\t\t\t\t\t\t<a href=\"https:\/\/mm-laws.de\/de\/service\/enerji-hukuku\/\">\n\t\t\t\t\t\t\t\t\t\t\t\t\t\t\tEnergierecht\t\t\t\t\t\t\t\t\t\t\t\t\t\t<\/a>\n\t\t\t\t\t\t\t\t\t\t\t\t\t<\/h3>\n\t\t\t\t\t\t\t\t\t\t\t\t\t<p>Unsere spezialisierten Anw\u00e4lte verf\u00fcgen \u00fcber umfassendes Wissen und Erfahrung im Energierecht und bieten Unterst\u00fctzung bei rechtlichen Regelungen, Investitionen und Projekten im Energiesektor.<\/p>\n\t\t\t\t\t\t\t\t\t\t\t\t\t<a href=\"https:\/\/mm-laws.de\/de\/service\/enerji-hukuku\/\">Fortsetzung<\/a>\t\t\t\t\t\t\t\t\t\t\t\t<\/div>\n\t\t\t\t\t\t\t\t\t\t\t<\/div>\n\t\t\t\t\t\t\t\t\t\t<\/div>\n\t\t\t\t\t\t\t\t\t<\/div><\/div>\t\t\t\t\t\t\t\t<\/div>\n\t\t\t\t\t\t\t<\/div>\n\t\t\t\t\t<\/div>\n\t\t\t\t<\/div>\n\t\t\t\t<\/div>\n\t\t\t\t<\/div>\n\t\t\t\t<\/div>","protected":false},"excerpt":{"rendered":"Hukuki S\u00fcre\u00e7lerde Yan\u0131n\u0131zday\u0131z Firmam\u0131z, Almanya ve T\u00fcrkiye\u2019de yasayan, ticaret yapan veya yat\u0131r\u0131m yapmay\u0131 planlayan birey ve kurumlar i\u00e7in genis kapsaml\u0131 hukuki hizmetler sunar. Uzmanl\u0131k alanlar\u0131m\u0131z, her iki \u00fclkenin farkl\u0131 hukuk sistemlerinde m\u00fcvekkillerimize en iyi sekilde rehberlik edebilecek genis bir yelpazeyi kapsar: Uluslararas\u0131 Ticaret Hukuku 01 Yat\u0131r\u0131m ve \u015eirketler Hukuku 02 Gayrimenkul ve \u0130mar Hukuku 03","protected":false},"author":1,"featured_media":0,"parent":0,"menu_order":0,"comment_status":"closed","ping_status":"closed","template":"","meta":{"footnotes":""},"class_list":["post-1005","page","type-page","status-publish","hentry"],"_links":{"self":[{"href":"https:\/\/mm-laws.de\/de\/wp-json\/wp\/v2\/pages\/1005"}],"collection":[{"href":"https:\/\/mm-laws.de\/de\/wp-json\/wp\/v2\/pages"}],"about":[{"href":"https:\/\/mm-laws.de\/de\/wp-json\/wp\/v2\/types\/page"}],"author":[{"embeddable":true,"href":"https:\/\/mm-laws.de\/de\/wp-json\/wp\/v2\/users\/1"}],"replies":[{"embeddable":true,"href":"https:\/\/mm-laws.de\/de\/wp-json\/wp\/v2\/comments?post=1005"}],"version-history":[{"count":13,"href":"https:\/\/mm-laws.de\/de\/wp-json\/wp\/v2\/pages\/1005\/revisions"}],"predecessor-version":[{"id":2591,"href":"https:\/\/mm-laws.de\/de\/wp-json\/wp\/v2\/pages\/1005\/revisions\/2591"}],"wp:attachment":[{"href":"https:\/\/mm-laws.de\/de\/wp-json\/wp\/v2\/media?parent=1005"}],"curies":[{"name":"wp","href":"https:\/\/api.w.org\/{rel}","templated":true}]}}