{"id":1007,"date":"2024-11-30T15:41:53","date_gmt":"2024-11-30T15:41:53","guid":{"rendered":"https:\/\/mm-laws.de\/?page_id=1007"},"modified":"2024-12-01T10:51:42","modified_gmt":"2024-12-01T10:51:42","slug":"iletisim","status":"publish","type":"page","link":"https:\/\/mm-laws.de\/de\/kontakt\/","title":{"rendered":"Kontakt"},"content":{"rendered":"<div data-elementor-type=\"wp-page\" data-elementor-id=\"1007\" class=\"elementor elementor-1007\" data-elementor-post-type=\"page\">\n\t\t\t\t\t\t<section class=\"elementor-section elementor-top-section elementor-element elementor-element-9f4f7e0 elementor-section-boxed elementor-section-height-default elementor-section-height-default\" data-id=\"9f4f7e0\" data-element_type=\"section\">\n\t\t\t\t\t\t<div class=\"elementor-container elementor-column-gap-no\">\n\t\t\t\t\t<div class=\"elementor-column elementor-col-100 elementor-top-column elementor-element elementor-element-bbbcfdf\" data-id=\"bbbcfdf\" data-element_type=\"column\">\n\t\t\t<div class=\"elementor-widget-wrap elementor-element-populated\">\n\t\t\t\t\t\t<div class=\"elementor-element elementor-element-ba9fef6 elementor-widget elementor-widget-wpo-canun_contact_form\" data-id=\"ba9fef6\" data-element_type=\"widget\" data-widget_type=\"wpo-canun_contact_form.default\">\n\t\t\t\t<div class=\"elementor-widget-container\">\n\t\t\t\t\t<div class=\"wpo-contact-area-s3\">\n\t\t\t<div class=\"container\">\n\t\t\t\t<div class=\"row\">\n\t\t\t\t\t<div class=\"col col-lg-12\">\n\t\t\t\t\t\t<div class=\"wpo-contact-title\">\n\t\t\t\t\t\t\t<h2>Kontakt<\/h2><p>Ihr Erfolg ist unsere Priorit\u00e4t! Daher steht Ihnen unsere Kanzlei mit einem erfahrenen Team zur Seite, um Ihnen jederzeit die bestm\u00f6gliche Unterst\u00fctzung zu bieten \u2013 24 Stunden am Tag, 7 Tage die Woche.<\/p>\t\t\t\t\t\t<\/div>\n\t\t\t\t\t\t<div class=\"contact-page-form\">\n\t\t\t\t\t\t\t\n<div class=\"wpcf7 no-js\" id=\"wpcf7-f430-o1\" lang=\"en-US\" dir=\"ltr\" data-wpcf7-id=\"430\">\n<div class=\"screen-reader-response\"><p role=\"status\" aria-live=\"polite\" aria-atomic=\"true\"><\/p> <ul><\/ul><\/div>\n<form action=\"\/de\/wp-json\/wp\/v2\/pages\/1007#wpcf7-f430-o1\" method=\"post\" class=\"wpcf7-form init\" aria-label=\"Contact form\" novalidate=\"novalidate\" data-status=\"init\" data-trp-original-action=\"\/de\/wp-json\/wp\/v2\/pages\/1007#wpcf7-f430-o1\">\n<div style=\"display: none;\">\n<input type=\"hidden\" name=\"_wpcf7\" value=\"430\" \/>\n<input type=\"hidden\" name=\"_wpcf7_version\" value=\"6.0.1\" \/>\n<input type=\"hidden\" name=\"_wpcf7_locale\" value=\"en_US\" \/>\n<input type=\"hidden\" name=\"_wpcf7_unit_tag\" value=\"wpcf7-f430-o1\" \/>\n<input type=\"hidden\" name=\"_wpcf7_container_post\" value=\"0\" \/>\n<input type=\"hidden\" name=\"_wpcf7_posted_data_hash\" value=\"\" \/>\n<\/div>\n<div class=\"row\">\n\t<div class=\"col-lg-6\">\n\t\t<p><span class=\"wpcf7-form-control-wrap\" data-name=\"text-423\"><input size=\"40\" maxlength=\"400\" class=\"wpcf7-form-control wpcf7-text wpcf7-validates-as-required form-control\" aria-required=\"true\" aria-invalid=\"false\" placeholder=\"Ihr Name\" value=\"\" type=\"text\" name=\"text-423\" \/><\/span>\n\t\t<\/p>\n\t<\/div>\n\t<div class=\"col-lg-6\">\n\t\t<p><span class=\"wpcf7-form-control-wrap\" data-name=\"email-419\"><input size=\"40\" maxlength=\"400\" class=\"wpcf7-form-control wpcf7-email wpcf7-validates-as-required wpcf7-text wpcf7-validates-as-email form-control\" aria-required=\"true\" aria-invalid=\"false\" placeholder=\"Ihre E-Mail Adresse\" value=\"\" type=\"email\" name=\"email-419\" \/><\/span>\n\t\t<\/p>\n\t<\/div>\n\t<div class=\"col-lg-6\">\n\t\t<p><span class=\"wpcf7-form-control-wrap\" data-name=\"tel-570\"><input size=\"40\" maxlength=\"400\" class=\"wpcf7-form-control wpcf7-tel wpcf7-validates-as-required wpcf7-text wpcf7-validates-as-tel form-control\" aria-required=\"true\" aria-invalid=\"false\" placeholder=\"Ihre Telefonnummer\" value=\"\" type=\"tel\" name=\"tel-570\" \/><\/span>\n\t\t<\/p>\n\t<\/div>\n\t<div class=\"col-lg-6\">\n\t\t<p><span class=\"wpcf7-form-control-wrap\" data-name=\"menu-490\"><select class=\"wpcf7-form-control wpcf7-select wpcf7-validates-as-required form-control\" aria-required=\"true\" aria-invalid=\"false\" name=\"menu-490\"><option value=\"Konu\">Konu<\/option><option value=\"Uluslararas\u0131 Ticaret Hukuku\">Internationales Handelsrecht<\/option><option value=\"Yat\u0131r\u0131m ve \u015eirketler Hukuku\">Investitions- und Gesellschaftsrecht<\/option><option value=\"Gayrimenkul ve \u0130mar Hukuku\">Immobilien- und Baurecht<\/option><option value=\"Aile Hukuku\">Familienrecht<\/option><option value=\"G\u00f6\u00e7menlik ve M\u00fclteci Hukuku\">Migrations- und Asylrecht<\/option><option value=\"\u0130nsan Haklar\u0131 Hukuku\">Menschenrechtsrecht<\/option><option value=\"Enerji Hukuku\">Energierecht<\/option><\/select><\/span>\n\t\t<\/p>\n\t<\/div>\n\t<div class=\"fullwidth col-lg-12\">\n\t\t<p><span class=\"wpcf7-form-control-wrap\" data-name=\"textarea-512\"><textarea cols=\"40\" rows=\"10\" maxlength=\"2000\" class=\"wpcf7-form-control wpcf7-textarea wpcf7-validates-as-required form-control\" aria-required=\"true\" aria-invalid=\"false\" placeholder=\"Ihre Nachricht\" name=\"textarea-512\"><\/textarea><\/span>\n\t\t<\/p>\n\t<\/div>\n<\/div>\n<div class=\"submit-area\">\n\t<p><input class=\"wpcf7-form-control wpcf7-submit has-spinner theme-btn\" type=\"submit\" value=\"Infos\" \/>\n\t<\/p>\n<\/div><div class=\"wpcf7-response-output\" aria-hidden=\"true\"><\/div>\n<input type=\"hidden\" name=\"trp-form-language\" value=\"de\"\/><\/form>\n<\/div>\n\t\t\t\t\t\t<\/div>\n\t\t\t\t\t<\/div>\n\t\t\t\t<\/div>\n\t\t\t<\/div> <!-- end container -->\n\t\t<\/div>\n\t\t<\/div>\n\t\t\t\t<\/div>\n\t\t\t\t\t<\/div>\n\t\t<\/div>\n\t\t\t\t\t<\/div>\n\t\t<\/section>\n\t\t\t\t<\/div>","protected":false},"excerpt":{"rendered":"\u0130leti\u015fime Ge\u00e7in \u201cM\u00fc\u015fteri Ba\u015far\u0131n\u0131z, bizim \u00f6nceli\u011fimiz! Bu nedenle, avukatl\u0131k ofisimiz size en iyi hizmeti sunmak ve her ad\u0131mda yan\u0131n\u0131zda olmak i\u00e7in uzman ekibimizle 7\/24 yan\u0131n\u0131zday\u0131z.\u201d SubjectFamily LawBusiness LawEducation LawCriminal Law","protected":false},"author":1,"featured_media":0,"parent":0,"menu_order":0,"comment_status":"closed","ping_status":"closed","template":"","meta":{"footnotes":""},"class_list":["post-1007","page","type-page","status-publish","hentry"],"_links":{"self":[{"href":"https:\/\/mm-laws.de\/de\/wp-json\/wp\/v2\/pages\/1007"}],"collection":[{"href":"https:\/\/mm-laws.de\/de\/wp-json\/wp\/v2\/pages"}],"about":[{"href":"https:\/\/mm-laws.de\/de\/wp-json\/wp\/v2\/types\/page"}],"author":[{"embeddable":true,"href":"https:\/\/mm-laws.de\/de\/wp-json\/wp\/v2\/users\/1"}],"replies":[{"embeddable":true,"href":"https:\/\/mm-laws.de\/de\/wp-json\/wp\/v2\/comments?post=1007"}],"version-history":[{"count":10,"href":"https:\/\/mm-laws.de\/de\/wp-json\/wp\/v2\/pages\/1007\/revisions"}],"predecessor-version":[{"id":2603,"href":"https:\/\/mm-laws.de\/de\/wp-json\/wp\/v2\/pages\/1007\/revisions\/2603"}],"wp:attachment":[{"href":"https:\/\/mm-laws.de\/de\/wp-json\/wp\/v2\/media?parent=1007"}],"curies":[{"name":"wp","href":"https:\/\/api.w.org\/{rel}","templated":true}]}}